{"id":13,"date":"2023-07-24T08:47:37","date_gmt":"2023-07-24T08:47:37","guid":{"rendered":"http:\/\/prematech.local\/?page_id=13"},"modified":"2026-05-07T10:49:32","modified_gmt":"2026-05-07T08:49:32","slug":"vos-formations","status":"publish","type":"page","link":"https:\/\/adncse.preprod-kalelia.fr\/?page_id=13","title":{"rendered":"Vos formations"},"content":{"rendered":"<p>Retrouvez ci-dessous l&rsquo;ensemble des formations ADN CSE, d\u00e9di\u00e9es \u00e0 l&rsquo;accompagnement des CSE tout au long de leur mandat.<\/p>\n","protected":false},"excerpt":{"rendered":"<p>Retrouvez ci-dessous l&rsquo;ensemble des formations ADN CSE, d\u00e9di\u00e9es \u00e0 l&rsquo;accompagnement des CSE&#8230; <br \/><a class=\"readmore\" href=\"https:\/\/adncse.preprod-kalelia.fr\/?page_id=13\">Lire la suite<\/a><\/p>\n","protected":false},"author":1,"featured_media":1880,"parent":0,"menu_order":0,"comment_status":"closed","ping_status":"closed","template":"modele_formations.php","meta":{"footnotes":""},"class_list":["post-13","page","type-page","status-publish","has-post-thumbnail","hentry"],"yoast_head":"<!-- This site is optimized with the Yoast SEO plugin v27.5 - https:\/\/yoast.com\/product\/yoast-seo-wordpress\/ -->\n<title>Vos formations - ADN CSE<\/title>\n<meta name=\"description\" content=\"Retrouvez l&#039;ensemble des formations ADN CSE sp\u00e9cialis\u00e9es dans l&#039;accompagnement des \u00e9lus de CSE tout au long de leur mandat.\" \/>\n<meta name=\"robots\" content=\"noindex, follow, max-snippet:-1, max-image-preview:large, max-video-preview:-1\" \/>\n<meta property=\"og:locale\" content=\"fr_FR\" \/>\n<meta property=\"og:type\" content=\"article\" \/>\n<meta property=\"og:title\" content=\"Vos formations - ADN CSE\" \/>\n<meta property=\"og:description\" content=\"Retrouvez l&#039;ensemble des formations ADN CSE sp\u00e9cialis\u00e9es dans l&#039;accompagnement des \u00e9lus de CSE tout au long de leur mandat.\" \/>\n<meta property=\"og:url\" content=\"https:\/\/adncse.preprod-kalelia.fr\/?page_id=13\" \/>\n<meta property=\"og:site_name\" content=\"ADN CSE\" \/>\n<meta property=\"article:modified_time\" content=\"2026-05-07T08:49:32+00:00\" \/>\n<meta property=\"og:image\" content=\"https:\/\/adncse.preprod-kalelia.fr\/wp-content\/uploads\/sites\/3\/2026\/01\/ADN-CSE-BD.png\" \/>\n\t<meta property=\"og:image:width\" content=\"794\" \/>\n\t<meta property=\"og:image:height\" content=\"566\" \/>\n\t<meta property=\"og:image:type\" content=\"image\/png\" \/>\n<meta name=\"twitter:card\" content=\"summary_large_image\" \/>\n<meta name=\"twitter:label1\" content=\"Dur\u00e9e de lecture estim\u00e9e\" \/>\n\t<meta name=\"twitter:data1\" content=\"1 minute\" \/>\n<script type=\"application\/ld+json\" class=\"yoast-schema-graph\">{\"@context\":\"https:\\\/\\\/schema.org\",\"@graph\":[{\"@type\":\"WebPage\",\"@id\":\"https:\\\/\\\/adncse.preprod-kalelia.fr\\\/?page_id=13\",\"url\":\"https:\\\/\\\/adncse.preprod-kalelia.fr\\\/?page_id=13\",\"name\":\"Vos formations - ADN CSE\",\"isPartOf\":{\"@id\":\"https:\\\/\\\/adncse.preprod-kalelia.fr\\\/#website\"},\"primaryImageOfPage\":{\"@id\":\"https:\\\/\\\/adncse.preprod-kalelia.fr\\\/?page_id=13#primaryimage\"},\"image\":{\"@id\":\"https:\\\/\\\/adncse.preprod-kalelia.fr\\\/?page_id=13#primaryimage\"},\"thumbnailUrl\":\"https:\\\/\\\/adncse.preprod-kalelia.fr\\\/wp-content\\\/uploads\\\/sites\\\/3\\\/2026\\\/01\\\/ADN-CSE-BD.png\",\"datePublished\":\"2023-07-24T08:47:37+00:00\",\"dateModified\":\"2026-05-07T08:49:32+00:00\",\"description\":\"Retrouvez l'ensemble des formations ADN CSE sp\u00e9cialis\u00e9es dans l'accompagnement des \u00e9lus de CSE tout au long de leur mandat.\",\"breadcrumb\":{\"@id\":\"https:\\\/\\\/adncse.preprod-kalelia.fr\\\/?page_id=13#breadcrumb\"},\"inLanguage\":\"fr-FR\",\"potentialAction\":[{\"@type\":\"ReadAction\",\"target\":[\"https:\\\/\\\/adncse.preprod-kalelia.fr\\\/?page_id=13\"]}]},{\"@type\":\"ImageObject\",\"inLanguage\":\"fr-FR\",\"@id\":\"https:\\\/\\\/adncse.preprod-kalelia.fr\\\/?page_id=13#primaryimage\",\"url\":\"https:\\\/\\\/adncse.preprod-kalelia.fr\\\/wp-content\\\/uploads\\\/sites\\\/3\\\/2026\\\/01\\\/ADN-CSE-BD.png\",\"contentUrl\":\"https:\\\/\\\/adncse.preprod-kalelia.fr\\\/wp-content\\\/uploads\\\/sites\\\/3\\\/2026\\\/01\\\/ADN-CSE-BD.png\",\"width\":794,\"height\":566},{\"@type\":\"BreadcrumbList\",\"@id\":\"https:\\\/\\\/adncse.preprod-kalelia.fr\\\/?page_id=13#breadcrumb\",\"itemListElement\":[{\"@type\":\"ListItem\",\"position\":1,\"name\":\"Accueil\",\"item\":\"https:\\\/\\\/adncse.preprod-kalelia.fr\\\/\"},{\"@type\":\"ListItem\",\"position\":2,\"name\":\"Vos formations\"}]},{\"@type\":\"WebSite\",\"@id\":\"https:\\\/\\\/adncse.preprod-kalelia.fr\\\/#website\",\"url\":\"https:\\\/\\\/adncse.preprod-kalelia.fr\\\/\",\"name\":\"ADN CSE\",\"description\":\"\",\"potentialAction\":[{\"@type\":\"SearchAction\",\"target\":{\"@type\":\"EntryPoint\",\"urlTemplate\":\"https:\\\/\\\/adncse.preprod-kalelia.fr\\\/?s={search_term_string}\"},\"query-input\":{\"@type\":\"PropertyValueSpecification\",\"valueRequired\":true,\"valueName\":\"search_term_string\"}}],\"inLanguage\":\"fr-FR\"}]}<\/script>\n<!-- \/ Yoast SEO plugin. -->","yoast_head_json":{"title":"Vos formations - ADN CSE","description":"Retrouvez l'ensemble des formations ADN CSE sp\u00e9cialis\u00e9es dans l'accompagnement des \u00e9lus de CSE tout au long de leur mandat.","robots":{"index":"noindex","follow":"follow","max-snippet":"max-snippet:-1","max-image-preview":"max-image-preview:large","max-video-preview":"max-video-preview:-1"},"og_locale":"fr_FR","og_type":"article","og_title":"Vos formations - ADN CSE","og_description":"Retrouvez l'ensemble des formations ADN CSE sp\u00e9cialis\u00e9es dans l'accompagnement des \u00e9lus de CSE tout au long de leur mandat.","og_url":"https:\/\/adncse.preprod-kalelia.fr\/?page_id=13","og_site_name":"ADN CSE","article_modified_time":"2026-05-07T08:49:32+00:00","og_image":[{"width":794,"height":566,"url":"https:\/\/adncse.preprod-kalelia.fr\/wp-content\/uploads\/sites\/3\/2026\/01\/ADN-CSE-BD.png","type":"image\/png"}],"twitter_card":"summary_large_image","twitter_misc":{"Dur\u00e9e de lecture estim\u00e9e":"1 minute"},"schema":{"@context":"https:\/\/schema.org","@graph":[{"@type":"WebPage","@id":"https:\/\/adncse.preprod-kalelia.fr\/?page_id=13","url":"https:\/\/adncse.preprod-kalelia.fr\/?page_id=13","name":"Vos formations - ADN CSE","isPartOf":{"@id":"https:\/\/adncse.preprod-kalelia.fr\/#website"},"primaryImageOfPage":{"@id":"https:\/\/adncse.preprod-kalelia.fr\/?page_id=13#primaryimage"},"image":{"@id":"https:\/\/adncse.preprod-kalelia.fr\/?page_id=13#primaryimage"},"thumbnailUrl":"https:\/\/adncse.preprod-kalelia.fr\/wp-content\/uploads\/sites\/3\/2026\/01\/ADN-CSE-BD.png","datePublished":"2023-07-24T08:47:37+00:00","dateModified":"2026-05-07T08:49:32+00:00","description":"Retrouvez l'ensemble des formations ADN CSE sp\u00e9cialis\u00e9es dans l'accompagnement des \u00e9lus de CSE tout au long de leur mandat.","breadcrumb":{"@id":"https:\/\/adncse.preprod-kalelia.fr\/?page_id=13#breadcrumb"},"inLanguage":"fr-FR","potentialAction":[{"@type":"ReadAction","target":["https:\/\/adncse.preprod-kalelia.fr\/?page_id=13"]}]},{"@type":"ImageObject","inLanguage":"fr-FR","@id":"https:\/\/adncse.preprod-kalelia.fr\/?page_id=13#primaryimage","url":"https:\/\/adncse.preprod-kalelia.fr\/wp-content\/uploads\/sites\/3\/2026\/01\/ADN-CSE-BD.png","contentUrl":"https:\/\/adncse.preprod-kalelia.fr\/wp-content\/uploads\/sites\/3\/2026\/01\/ADN-CSE-BD.png","width":794,"height":566},{"@type":"BreadcrumbList","@id":"https:\/\/adncse.preprod-kalelia.fr\/?page_id=13#breadcrumb","itemListElement":[{"@type":"ListItem","position":1,"name":"Accueil","item":"https:\/\/adncse.preprod-kalelia.fr\/"},{"@type":"ListItem","position":2,"name":"Vos formations"}]},{"@type":"WebSite","@id":"https:\/\/adncse.preprod-kalelia.fr\/#website","url":"https:\/\/adncse.preprod-kalelia.fr\/","name":"ADN CSE","description":"","potentialAction":[{"@type":"SearchAction","target":{"@type":"EntryPoint","urlTemplate":"https:\/\/adncse.preprod-kalelia.fr\/?s={search_term_string}"},"query-input":{"@type":"PropertyValueSpecification","valueRequired":true,"valueName":"search_term_string"}}],"inLanguage":"fr-FR"}]}},"_links":{"self":[{"href":"https:\/\/adncse.preprod-kalelia.fr\/index.php?rest_route=\/wp\/v2\/pages\/13","targetHints":{"allow":["GET"]}}],"collection":[{"href":"https:\/\/adncse.preprod-kalelia.fr\/index.php?rest_route=\/wp\/v2\/pages"}],"about":[{"href":"https:\/\/adncse.preprod-kalelia.fr\/index.php?rest_route=\/wp\/v2\/types\/page"}],"author":[{"embeddable":true,"href":"https:\/\/adncse.preprod-kalelia.fr\/index.php?rest_route=\/wp\/v2\/users\/1"}],"replies":[{"embeddable":true,"href":"https:\/\/adncse.preprod-kalelia.fr\/index.php?rest_route=%2Fwp%2Fv2%2Fcomments&post=13"}],"version-history":[{"count":1,"href":"https:\/\/adncse.preprod-kalelia.fr\/index.php?rest_route=\/wp\/v2\/pages\/13\/revisions"}],"predecessor-version":[{"id":2555,"href":"https:\/\/adncse.preprod-kalelia.fr\/index.php?rest_route=\/wp\/v2\/pages\/13\/revisions\/2555"}],"wp:featuredmedia":[{"embeddable":true,"href":"https:\/\/adncse.preprod-kalelia.fr\/index.php?rest_route=\/wp\/v2\/media\/1880"}],"wp:attachment":[{"href":"https:\/\/adncse.preprod-kalelia.fr\/index.php?rest_route=%2Fwp%2Fv2%2Fmedia&parent=13"}],"curies":[{"name":"wp","href":"https:\/\/api.w.org\/{rel}","templated":true}]}}