{"id":15,"date":"2023-07-24T08:47:49","date_gmt":"2023-07-24T08:47:49","guid":{"rendered":"http:\/\/prematech.local\/?page_id=15"},"modified":"2023-07-24T08:47:49","modified_gmt":"2023-07-24T08:47:49","slug":"nos-actualites","status":"publish","type":"page","link":"https:\/\/adncse.preprod-kalelia.fr\/?page_id=15","title":{"rendered":"Nos actualit\u00e9s"},"content":{"rendered":"","protected":false},"excerpt":{"rendered":"","protected":false},"author":1,"featured_media":0,"parent":0,"menu_order":0,"comment_status":"closed","ping_status":"closed","template":"modele_actualites.php","meta":{"footnotes":""},"class_list":["post-15","page","type-page","status-publish","hentry"],"yoast_head":"<!-- This site is optimized with the Yoast SEO plugin v27.5 - https:\/\/yoast.com\/product\/yoast-seo-wordpress\/ -->\n<title>Nos actualit\u00e9s - ADN CSE<\/title>\n<meta name=\"description\" content=\"Toute l&#039;actualit\u00e9 de notre organisme de formation mais aussi les nouvelles du secteur de la pr\u00e9vention des risques, de la sant\u00e9 et de la s\u00e9curit\u00e9 au travail.\" \/>\n<meta name=\"robots\" content=\"noindex, follow, max-snippet:-1, max-image-preview:large, max-video-preview:-1\" \/>\n<meta property=\"og:locale\" content=\"fr_FR\" \/>\n<meta property=\"og:type\" content=\"article\" \/>\n<meta property=\"og:title\" content=\"Nos actualit\u00e9s - ADN CSE\" \/>\n<meta property=\"og:description\" content=\"Toute l&#039;actualit\u00e9 de notre organisme de formation mais aussi les nouvelles du secteur de la pr\u00e9vention des risques, de la sant\u00e9 et de la s\u00e9curit\u00e9 au travail.\" \/>\n<meta property=\"og:url\" content=\"https:\/\/adncse.preprod-kalelia.fr\/?page_id=15\" \/>\n<meta property=\"og:site_name\" content=\"ADN CSE\" \/>\n<meta name=\"twitter:card\" content=\"summary_large_image\" \/>\n<script type=\"application\/ld+json\" class=\"yoast-schema-graph\">{\"@context\":\"https:\\\/\\\/schema.org\",\"@graph\":[{\"@type\":\"WebPage\",\"@id\":\"https:\\\/\\\/adncse.preprod-kalelia.fr\\\/?page_id=15\",\"url\":\"https:\\\/\\\/adncse.preprod-kalelia.fr\\\/?page_id=15\",\"name\":\"Nos actualit\u00e9s - ADN CSE\",\"isPartOf\":{\"@id\":\"https:\\\/\\\/adncse.preprod-kalelia.fr\\\/#website\"},\"datePublished\":\"2023-07-24T08:47:49+00:00\",\"description\":\"Toute l'actualit\u00e9 de notre organisme de formation mais aussi les nouvelles du secteur de la pr\u00e9vention des risques, de la sant\u00e9 et de la s\u00e9curit\u00e9 au travail.\",\"breadcrumb\":{\"@id\":\"https:\\\/\\\/adncse.preprod-kalelia.fr\\\/?page_id=15#breadcrumb\"},\"inLanguage\":\"fr-FR\",\"potentialAction\":[{\"@type\":\"ReadAction\",\"target\":[\"https:\\\/\\\/adncse.preprod-kalelia.fr\\\/?page_id=15\"]}]},{\"@type\":\"BreadcrumbList\",\"@id\":\"https:\\\/\\\/adncse.preprod-kalelia.fr\\\/?page_id=15#breadcrumb\",\"itemListElement\":[{\"@type\":\"ListItem\",\"position\":1,\"name\":\"Accueil\",\"item\":\"https:\\\/\\\/adncse.preprod-kalelia.fr\\\/\"},{\"@type\":\"ListItem\",\"position\":2,\"name\":\"Nos actualit\u00e9s\"}]},{\"@type\":\"WebSite\",\"@id\":\"https:\\\/\\\/adncse.preprod-kalelia.fr\\\/#website\",\"url\":\"https:\\\/\\\/adncse.preprod-kalelia.fr\\\/\",\"name\":\"ADN CSE\",\"description\":\"\",\"potentialAction\":[{\"@type\":\"SearchAction\",\"target\":{\"@type\":\"EntryPoint\",\"urlTemplate\":\"https:\\\/\\\/adncse.preprod-kalelia.fr\\\/?s={search_term_string}\"},\"query-input\":{\"@type\":\"PropertyValueSpecification\",\"valueRequired\":true,\"valueName\":\"search_term_string\"}}],\"inLanguage\":\"fr-FR\"}]}<\/script>\n<!-- \/ Yoast SEO plugin. -->","yoast_head_json":{"title":"Nos actualit\u00e9s - ADN CSE","description":"Toute l'actualit\u00e9 de notre organisme de formation mais aussi les nouvelles du secteur de la pr\u00e9vention des risques, de la sant\u00e9 et de la s\u00e9curit\u00e9 au travail.","robots":{"index":"noindex","follow":"follow","max-snippet":"max-snippet:-1","max-image-preview":"max-image-preview:large","max-video-preview":"max-video-preview:-1"},"og_locale":"fr_FR","og_type":"article","og_title":"Nos actualit\u00e9s - ADN CSE","og_description":"Toute l'actualit\u00e9 de notre organisme de formation mais aussi les nouvelles du secteur de la pr\u00e9vention des risques, de la sant\u00e9 et de la s\u00e9curit\u00e9 au travail.","og_url":"https:\/\/adncse.preprod-kalelia.fr\/?page_id=15","og_site_name":"ADN CSE","twitter_card":"summary_large_image","schema":{"@context":"https:\/\/schema.org","@graph":[{"@type":"WebPage","@id":"https:\/\/adncse.preprod-kalelia.fr\/?page_id=15","url":"https:\/\/adncse.preprod-kalelia.fr\/?page_id=15","name":"Nos actualit\u00e9s - ADN CSE","isPartOf":{"@id":"https:\/\/adncse.preprod-kalelia.fr\/#website"},"datePublished":"2023-07-24T08:47:49+00:00","description":"Toute l'actualit\u00e9 de notre organisme de formation mais aussi les nouvelles du secteur de la pr\u00e9vention des risques, de la sant\u00e9 et de la s\u00e9curit\u00e9 au travail.","breadcrumb":{"@id":"https:\/\/adncse.preprod-kalelia.fr\/?page_id=15#breadcrumb"},"inLanguage":"fr-FR","potentialAction":[{"@type":"ReadAction","target":["https:\/\/adncse.preprod-kalelia.fr\/?page_id=15"]}]},{"@type":"BreadcrumbList","@id":"https:\/\/adncse.preprod-kalelia.fr\/?page_id=15#breadcrumb","itemListElement":[{"@type":"ListItem","position":1,"name":"Accueil","item":"https:\/\/adncse.preprod-kalelia.fr\/"},{"@type":"ListItem","position":2,"name":"Nos actualit\u00e9s"}]},{"@type":"WebSite","@id":"https:\/\/adncse.preprod-kalelia.fr\/#website","url":"https:\/\/adncse.preprod-kalelia.fr\/","name":"ADN CSE","description":"","potentialAction":[{"@type":"SearchAction","target":{"@type":"EntryPoint","urlTemplate":"https:\/\/adncse.preprod-kalelia.fr\/?s={search_term_string}"},"query-input":{"@type":"PropertyValueSpecification","valueRequired":true,"valueName":"search_term_string"}}],"inLanguage":"fr-FR"}]}},"_links":{"self":[{"href":"https:\/\/adncse.preprod-kalelia.fr\/index.php?rest_route=\/wp\/v2\/pages\/15","targetHints":{"allow":["GET"]}}],"collection":[{"href":"https:\/\/adncse.preprod-kalelia.fr\/index.php?rest_route=\/wp\/v2\/pages"}],"about":[{"href":"https:\/\/adncse.preprod-kalelia.fr\/index.php?rest_route=\/wp\/v2\/types\/page"}],"author":[{"embeddable":true,"href":"https:\/\/adncse.preprod-kalelia.fr\/index.php?rest_route=\/wp\/v2\/users\/1"}],"replies":[{"embeddable":true,"href":"https:\/\/adncse.preprod-kalelia.fr\/index.php?rest_route=%2Fwp%2Fv2%2Fcomments&post=15"}],"version-history":[{"count":0,"href":"https:\/\/adncse.preprod-kalelia.fr\/index.php?rest_route=\/wp\/v2\/pages\/15\/revisions"}],"wp:attachment":[{"href":"https:\/\/adncse.preprod-kalelia.fr\/index.php?rest_route=%2Fwp%2Fv2%2Fmedia&parent=15"}],"curies":[{"name":"wp","href":"https:\/\/api.w.org\/{rel}","templated":true}]}}