{"id":416,"date":"2023-08-08T05:01:17","date_gmt":"2023-08-08T07:01:17","guid":{"rendered":"http:\/\/prematech.local\/?page_id=416"},"modified":"2023-08-08T05:01:17","modified_gmt":"2023-08-08T07:01:17","slug":"exprimez-vos-besoins","status":"publish","type":"page","link":"https:\/\/adncse.preprod-kalelia.fr\/?page_id=416","title":{"rendered":"Exprimez vos besoins"},"content":{"rendered":"<p>Chez Prematech, vous \u00eates au coeur de nos priorit\u00e9s : nous vous proposons des formations sur-mesure, con\u00e7ue pour s\u2019adapter \u00e0 votre besoin.<\/p>\n<p>Racontez-nous !<\/p>\n","protected":false},"excerpt":{"rendered":"<p>Chez Prematech, vous \u00eates au coeur de nos priorit\u00e9s : nous vous&#8230; <br \/><a class=\"readmore\" href=\"https:\/\/adncse.preprod-kalelia.fr\/?page_id=416\">Lire la suite<\/a><\/p>\n","protected":false},"author":1,"featured_media":643,"parent":0,"menu_order":0,"comment_status":"closed","ping_status":"closed","template":"modele_besoins.php","meta":{"footnotes":""},"class_list":["post-416","page","type-page","status-publish","has-post-thumbnail","hentry"],"yoast_head":"<!-- This site is optimized with the Yoast SEO plugin v27.5 - https:\/\/yoast.com\/product\/yoast-seo-wordpress\/ -->\n<title>Exprimez vos besoins - ADN CSE<\/title>\n<meta name=\"robots\" content=\"noindex, follow, max-snippet:-1, max-image-preview:large, max-video-preview:-1\" \/>\n<meta property=\"og:locale\" content=\"fr_FR\" \/>\n<meta property=\"og:type\" content=\"article\" \/>\n<meta property=\"og:title\" content=\"Exprimez vos besoins - ADN CSE\" \/>\n<meta property=\"og:description\" content=\"Chez Prematech, vous \u00eates au coeur de nos priorit\u00e9s : nous vous... Lire la suite\" \/>\n<meta property=\"og:url\" content=\"https:\/\/adncse.preprod-kalelia.fr\/?page_id=416\" \/>\n<meta property=\"og:site_name\" content=\"ADN CSE\" \/>\n<meta property=\"og:image\" content=\"https:\/\/adncse.preprod-kalelia.fr\/wp-content\/uploads\/sites\/3\/2023\/09\/IMG_1054-1024x768.png\" \/>\n\t<meta property=\"og:image:width\" content=\"1024\" \/>\n\t<meta property=\"og:image:height\" content=\"768\" \/>\n\t<meta property=\"og:image:type\" content=\"image\/png\" \/>\n<meta name=\"twitter:card\" content=\"summary_large_image\" \/>\n<script type=\"application\/ld+json\" class=\"yoast-schema-graph\">{\"@context\":\"https:\\\/\\\/schema.org\",\"@graph\":[{\"@type\":\"WebPage\",\"@id\":\"https:\\\/\\\/adncse.preprod-kalelia.fr\\\/?page_id=416\",\"url\":\"https:\\\/\\\/adncse.preprod-kalelia.fr\\\/?page_id=416\",\"name\":\"Exprimez vos besoins - ADN CSE\",\"isPartOf\":{\"@id\":\"https:\\\/\\\/adncse.preprod-kalelia.fr\\\/#website\"},\"primaryImageOfPage\":{\"@id\":\"https:\\\/\\\/adncse.preprod-kalelia.fr\\\/?page_id=416#primaryimage\"},\"image\":{\"@id\":\"https:\\\/\\\/adncse.preprod-kalelia.fr\\\/?page_id=416#primaryimage\"},\"thumbnailUrl\":\"https:\\\/\\\/adncse.preprod-kalelia.fr\\\/wp-content\\\/uploads\\\/sites\\\/3\\\/2023\\\/09\\\/IMG_1054.png\",\"datePublished\":\"2023-08-08T07:01:17+00:00\",\"breadcrumb\":{\"@id\":\"https:\\\/\\\/adncse.preprod-kalelia.fr\\\/?page_id=416#breadcrumb\"},\"inLanguage\":\"fr-FR\",\"potentialAction\":[{\"@type\":\"ReadAction\",\"target\":[\"https:\\\/\\\/adncse.preprod-kalelia.fr\\\/?page_id=416\"]}]},{\"@type\":\"ImageObject\",\"inLanguage\":\"fr-FR\",\"@id\":\"https:\\\/\\\/adncse.preprod-kalelia.fr\\\/?page_id=416#primaryimage\",\"url\":\"https:\\\/\\\/adncse.preprod-kalelia.fr\\\/wp-content\\\/uploads\\\/sites\\\/3\\\/2023\\\/09\\\/IMG_1054.png\",\"contentUrl\":\"https:\\\/\\\/adncse.preprod-kalelia.fr\\\/wp-content\\\/uploads\\\/sites\\\/3\\\/2023\\\/09\\\/IMG_1054.png\",\"width\":4032,\"height\":3024,\"caption\":\"Exprimez vos besoins\"},{\"@type\":\"BreadcrumbList\",\"@id\":\"https:\\\/\\\/adncse.preprod-kalelia.fr\\\/?page_id=416#breadcrumb\",\"itemListElement\":[{\"@type\":\"ListItem\",\"position\":1,\"name\":\"Accueil\",\"item\":\"https:\\\/\\\/adncse.preprod-kalelia.fr\\\/\"},{\"@type\":\"ListItem\",\"position\":2,\"name\":\"Exprimez vos besoins\"}]},{\"@type\":\"WebSite\",\"@id\":\"https:\\\/\\\/adncse.preprod-kalelia.fr\\\/#website\",\"url\":\"https:\\\/\\\/adncse.preprod-kalelia.fr\\\/\",\"name\":\"ADN CSE\",\"description\":\"\",\"potentialAction\":[{\"@type\":\"SearchAction\",\"target\":{\"@type\":\"EntryPoint\",\"urlTemplate\":\"https:\\\/\\\/adncse.preprod-kalelia.fr\\\/?s={search_term_string}\"},\"query-input\":{\"@type\":\"PropertyValueSpecification\",\"valueRequired\":true,\"valueName\":\"search_term_string\"}}],\"inLanguage\":\"fr-FR\"}]}<\/script>\n<!-- \/ Yoast SEO plugin. -->","yoast_head_json":{"title":"Exprimez vos besoins - ADN CSE","robots":{"index":"noindex","follow":"follow","max-snippet":"max-snippet:-1","max-image-preview":"max-image-preview:large","max-video-preview":"max-video-preview:-1"},"og_locale":"fr_FR","og_type":"article","og_title":"Exprimez vos besoins - ADN CSE","og_description":"Chez Prematech, vous \u00eates au coeur de nos priorit\u00e9s : nous vous... Lire la suite","og_url":"https:\/\/adncse.preprod-kalelia.fr\/?page_id=416","og_site_name":"ADN CSE","og_image":[{"width":1024,"height":768,"url":"https:\/\/adncse.preprod-kalelia.fr\/wp-content\/uploads\/sites\/3\/2023\/09\/IMG_1054-1024x768.png","type":"image\/png"}],"twitter_card":"summary_large_image","schema":{"@context":"https:\/\/schema.org","@graph":[{"@type":"WebPage","@id":"https:\/\/adncse.preprod-kalelia.fr\/?page_id=416","url":"https:\/\/adncse.preprod-kalelia.fr\/?page_id=416","name":"Exprimez vos besoins - ADN CSE","isPartOf":{"@id":"https:\/\/adncse.preprod-kalelia.fr\/#website"},"primaryImageOfPage":{"@id":"https:\/\/adncse.preprod-kalelia.fr\/?page_id=416#primaryimage"},"image":{"@id":"https:\/\/adncse.preprod-kalelia.fr\/?page_id=416#primaryimage"},"thumbnailUrl":"https:\/\/adncse.preprod-kalelia.fr\/wp-content\/uploads\/sites\/3\/2023\/09\/IMG_1054.png","datePublished":"2023-08-08T07:01:17+00:00","breadcrumb":{"@id":"https:\/\/adncse.preprod-kalelia.fr\/?page_id=416#breadcrumb"},"inLanguage":"fr-FR","potentialAction":[{"@type":"ReadAction","target":["https:\/\/adncse.preprod-kalelia.fr\/?page_id=416"]}]},{"@type":"ImageObject","inLanguage":"fr-FR","@id":"https:\/\/adncse.preprod-kalelia.fr\/?page_id=416#primaryimage","url":"https:\/\/adncse.preprod-kalelia.fr\/wp-content\/uploads\/sites\/3\/2023\/09\/IMG_1054.png","contentUrl":"https:\/\/adncse.preprod-kalelia.fr\/wp-content\/uploads\/sites\/3\/2023\/09\/IMG_1054.png","width":4032,"height":3024,"caption":"Exprimez vos besoins"},{"@type":"BreadcrumbList","@id":"https:\/\/adncse.preprod-kalelia.fr\/?page_id=416#breadcrumb","itemListElement":[{"@type":"ListItem","position":1,"name":"Accueil","item":"https:\/\/adncse.preprod-kalelia.fr\/"},{"@type":"ListItem","position":2,"name":"Exprimez vos besoins"}]},{"@type":"WebSite","@id":"https:\/\/adncse.preprod-kalelia.fr\/#website","url":"https:\/\/adncse.preprod-kalelia.fr\/","name":"ADN CSE","description":"","potentialAction":[{"@type":"SearchAction","target":{"@type":"EntryPoint","urlTemplate":"https:\/\/adncse.preprod-kalelia.fr\/?s={search_term_string}"},"query-input":{"@type":"PropertyValueSpecification","valueRequired":true,"valueName":"search_term_string"}}],"inLanguage":"fr-FR"}]}},"_links":{"self":[{"href":"https:\/\/adncse.preprod-kalelia.fr\/index.php?rest_route=\/wp\/v2\/pages\/416","targetHints":{"allow":["GET"]}}],"collection":[{"href":"https:\/\/adncse.preprod-kalelia.fr\/index.php?rest_route=\/wp\/v2\/pages"}],"about":[{"href":"https:\/\/adncse.preprod-kalelia.fr\/index.php?rest_route=\/wp\/v2\/types\/page"}],"author":[{"embeddable":true,"href":"https:\/\/adncse.preprod-kalelia.fr\/index.php?rest_route=\/wp\/v2\/users\/1"}],"replies":[{"embeddable":true,"href":"https:\/\/adncse.preprod-kalelia.fr\/index.php?rest_route=%2Fwp%2Fv2%2Fcomments&post=416"}],"version-history":[{"count":0,"href":"https:\/\/adncse.preprod-kalelia.fr\/index.php?rest_route=\/wp\/v2\/pages\/416\/revisions"}],"wp:featuredmedia":[{"embeddable":true,"href":"https:\/\/adncse.preprod-kalelia.fr\/index.php?rest_route=\/wp\/v2\/media\/643"}],"wp:attachment":[{"href":"https:\/\/adncse.preprod-kalelia.fr\/index.php?rest_route=%2Fwp%2Fv2%2Fmedia&parent=416"}],"curies":[{"name":"wp","href":"https:\/\/api.w.org\/{rel}","templated":true}]}}