{"id":439,"date":"2023-08-16T05:00:25","date_gmt":"2023-08-16T07:00:25","guid":{"rendered":"https:\/\/prematech.preprod-kalelia.fr\/?page_id=439"},"modified":"2026-01-19T16:46:08","modified_gmt":"2026-01-19T15:46:08","slug":"notre-vision","status":"publish","type":"page","link":"https:\/\/adncse.preprod-kalelia.fr\/?page_id=439","title":{"rendered":"La vision ADN CSE"},"content":{"rendered":"<p data-start=\"581\" data-end=\"809\">Chez ADN CSE, nous sommes convaincus que le comit\u00e9 social et \u00e9conomique ne se limite pas \u00e0 une instance r\u00e9glementaire.<br data-start=\"699\" data-end=\"702\" \/>Il est un acteur cl\u00e9 du dialogue social, de la pr\u00e9vention des risques et de la qualit\u00e9 de vie au travail.<\/p>\n<p data-start=\"811\" data-end=\"1132\">Notre vision repose sur une formation exigeante, ancr\u00e9e dans le droit du travail, mais r\u00e9solument tourn\u00e9e vers la pratique et la r\u00e9alit\u00e9 du terrain.<br data-start=\"959\" data-end=\"962\" \/>Nous accompagnons \u00e9lus de CSE, r\u00e9f\u00e9rents, RH et directions pour leur permettre de comprendre, d\u2019agir et de dialoguer efficacement, dans un cadre juridiquement s\u00e9curis\u00e9.<\/p>\n<p data-start=\"1134\" data-end=\"1246\">Former, pour nous, ce n\u2019est pas transmettre des textes :<br data-start=\"1190\" data-end=\"1193\" \/>c\u2019est donner des rep\u00e8res, une m\u00e9thode et une posture.<\/p>\n","protected":false},"excerpt":{"rendered":"<p>Chez ADN CSE, nous sommes convaincus que le comit\u00e9 social et \u00e9conomique&#8230; <br \/><a class=\"readmore\" href=\"https:\/\/adncse.preprod-kalelia.fr\/?page_id=439\">Lire la suite<\/a><\/p>\n","protected":false},"author":1,"featured_media":1880,"parent":0,"menu_order":0,"comment_status":"closed","ping_status":"closed","template":"","meta":{"footnotes":""},"class_list":["post-439","page","type-page","status-publish","has-post-thumbnail","hentry"],"yoast_head":"<!-- This site is optimized with the Yoast SEO plugin v27.5 - https:\/\/yoast.com\/product\/yoast-seo-wordpress\/ -->\n<title>La vision ADN CSE - ADN CSE<\/title>\n<meta name=\"description\" content=\"Prematech, ce n&#039;est pas seulement un organisme de formation : c&#039;est une entreprise port\u00e9e par une vision r\u00e9solument tourn\u00e9e vers l&#039;avenir.\" \/>\n<meta name=\"robots\" content=\"noindex, follow, max-snippet:-1, max-image-preview:large, max-video-preview:-1\" \/>\n<meta property=\"og:locale\" content=\"fr_FR\" \/>\n<meta property=\"og:type\" content=\"article\" \/>\n<meta property=\"og:title\" content=\"La vision ADN CSE - ADN CSE\" \/>\n<meta property=\"og:description\" content=\"Prematech, ce n&#039;est pas seulement un organisme de formation : c&#039;est une entreprise port\u00e9e par une vision r\u00e9solument tourn\u00e9e vers l&#039;avenir.\" \/>\n<meta property=\"og:url\" content=\"https:\/\/adncse.preprod-kalelia.fr\/?page_id=439\" \/>\n<meta property=\"og:site_name\" content=\"ADN CSE\" \/>\n<meta property=\"article:modified_time\" content=\"2026-01-19T15:46:08+00:00\" \/>\n<meta property=\"og:image\" content=\"https:\/\/adncse.preprod-kalelia.fr\/wp-content\/uploads\/sites\/3\/2026\/01\/ADN-CSE-BD.png\" \/>\n\t<meta property=\"og:image:width\" content=\"794\" \/>\n\t<meta property=\"og:image:height\" content=\"566\" \/>\n\t<meta property=\"og:image:type\" content=\"image\/png\" \/>\n<meta name=\"twitter:card\" content=\"summary_large_image\" \/>\n<meta name=\"twitter:label1\" content=\"Dur\u00e9e de lecture estim\u00e9e\" \/>\n\t<meta name=\"twitter:data1\" content=\"1 minute\" \/>\n<script type=\"application\/ld+json\" class=\"yoast-schema-graph\">{\"@context\":\"https:\\\/\\\/schema.org\",\"@graph\":[{\"@type\":\"WebPage\",\"@id\":\"https:\\\/\\\/adncse.preprod-kalelia.fr\\\/?page_id=439\",\"url\":\"https:\\\/\\\/adncse.preprod-kalelia.fr\\\/?page_id=439\",\"name\":\"La vision ADN CSE - ADN CSE\",\"isPartOf\":{\"@id\":\"https:\\\/\\\/adncse.preprod-kalelia.fr\\\/#website\"},\"primaryImageOfPage\":{\"@id\":\"https:\\\/\\\/adncse.preprod-kalelia.fr\\\/?page_id=439#primaryimage\"},\"image\":{\"@id\":\"https:\\\/\\\/adncse.preprod-kalelia.fr\\\/?page_id=439#primaryimage\"},\"thumbnailUrl\":\"https:\\\/\\\/adncse.preprod-kalelia.fr\\\/wp-content\\\/uploads\\\/sites\\\/3\\\/2026\\\/01\\\/ADN-CSE-BD.png\",\"datePublished\":\"2023-08-16T07:00:25+00:00\",\"dateModified\":\"2026-01-19T15:46:08+00:00\",\"description\":\"Prematech, ce n'est pas seulement un organisme de formation : c'est une entreprise port\u00e9e par une vision r\u00e9solument tourn\u00e9e vers l'avenir.\",\"breadcrumb\":{\"@id\":\"https:\\\/\\\/adncse.preprod-kalelia.fr\\\/?page_id=439#breadcrumb\"},\"inLanguage\":\"fr-FR\",\"potentialAction\":[{\"@type\":\"ReadAction\",\"target\":[\"https:\\\/\\\/adncse.preprod-kalelia.fr\\\/?page_id=439\"]}]},{\"@type\":\"ImageObject\",\"inLanguage\":\"fr-FR\",\"@id\":\"https:\\\/\\\/adncse.preprod-kalelia.fr\\\/?page_id=439#primaryimage\",\"url\":\"https:\\\/\\\/adncse.preprod-kalelia.fr\\\/wp-content\\\/uploads\\\/sites\\\/3\\\/2026\\\/01\\\/ADN-CSE-BD.png\",\"contentUrl\":\"https:\\\/\\\/adncse.preprod-kalelia.fr\\\/wp-content\\\/uploads\\\/sites\\\/3\\\/2026\\\/01\\\/ADN-CSE-BD.png\",\"width\":794,\"height\":566},{\"@type\":\"BreadcrumbList\",\"@id\":\"https:\\\/\\\/adncse.preprod-kalelia.fr\\\/?page_id=439#breadcrumb\",\"itemListElement\":[{\"@type\":\"ListItem\",\"position\":1,\"name\":\"Accueil\",\"item\":\"https:\\\/\\\/adncse.preprod-kalelia.fr\\\/\"},{\"@type\":\"ListItem\",\"position\":2,\"name\":\"La vision ADN CSE\"}]},{\"@type\":\"WebSite\",\"@id\":\"https:\\\/\\\/adncse.preprod-kalelia.fr\\\/#website\",\"url\":\"https:\\\/\\\/adncse.preprod-kalelia.fr\\\/\",\"name\":\"ADN CSE\",\"description\":\"\",\"potentialAction\":[{\"@type\":\"SearchAction\",\"target\":{\"@type\":\"EntryPoint\",\"urlTemplate\":\"https:\\\/\\\/adncse.preprod-kalelia.fr\\\/?s={search_term_string}\"},\"query-input\":{\"@type\":\"PropertyValueSpecification\",\"valueRequired\":true,\"valueName\":\"search_term_string\"}}],\"inLanguage\":\"fr-FR\"}]}<\/script>\n<!-- \/ Yoast SEO plugin. -->","yoast_head_json":{"title":"La vision ADN CSE - ADN CSE","description":"Prematech, ce n'est pas seulement un organisme de formation : c'est une entreprise port\u00e9e par une vision r\u00e9solument tourn\u00e9e vers l'avenir.","robots":{"index":"noindex","follow":"follow","max-snippet":"max-snippet:-1","max-image-preview":"max-image-preview:large","max-video-preview":"max-video-preview:-1"},"og_locale":"fr_FR","og_type":"article","og_title":"La vision ADN CSE - ADN CSE","og_description":"Prematech, ce n'est pas seulement un organisme de formation : c'est une entreprise port\u00e9e par une vision r\u00e9solument tourn\u00e9e vers l'avenir.","og_url":"https:\/\/adncse.preprod-kalelia.fr\/?page_id=439","og_site_name":"ADN CSE","article_modified_time":"2026-01-19T15:46:08+00:00","og_image":[{"width":794,"height":566,"url":"https:\/\/adncse.preprod-kalelia.fr\/wp-content\/uploads\/sites\/3\/2026\/01\/ADN-CSE-BD.png","type":"image\/png"}],"twitter_card":"summary_large_image","twitter_misc":{"Dur\u00e9e de lecture estim\u00e9e":"1 minute"},"schema":{"@context":"https:\/\/schema.org","@graph":[{"@type":"WebPage","@id":"https:\/\/adncse.preprod-kalelia.fr\/?page_id=439","url":"https:\/\/adncse.preprod-kalelia.fr\/?page_id=439","name":"La vision ADN CSE - ADN CSE","isPartOf":{"@id":"https:\/\/adncse.preprod-kalelia.fr\/#website"},"primaryImageOfPage":{"@id":"https:\/\/adncse.preprod-kalelia.fr\/?page_id=439#primaryimage"},"image":{"@id":"https:\/\/adncse.preprod-kalelia.fr\/?page_id=439#primaryimage"},"thumbnailUrl":"https:\/\/adncse.preprod-kalelia.fr\/wp-content\/uploads\/sites\/3\/2026\/01\/ADN-CSE-BD.png","datePublished":"2023-08-16T07:00:25+00:00","dateModified":"2026-01-19T15:46:08+00:00","description":"Prematech, ce n'est pas seulement un organisme de formation : c'est une entreprise port\u00e9e par une vision r\u00e9solument tourn\u00e9e vers l'avenir.","breadcrumb":{"@id":"https:\/\/adncse.preprod-kalelia.fr\/?page_id=439#breadcrumb"},"inLanguage":"fr-FR","potentialAction":[{"@type":"ReadAction","target":["https:\/\/adncse.preprod-kalelia.fr\/?page_id=439"]}]},{"@type":"ImageObject","inLanguage":"fr-FR","@id":"https:\/\/adncse.preprod-kalelia.fr\/?page_id=439#primaryimage","url":"https:\/\/adncse.preprod-kalelia.fr\/wp-content\/uploads\/sites\/3\/2026\/01\/ADN-CSE-BD.png","contentUrl":"https:\/\/adncse.preprod-kalelia.fr\/wp-content\/uploads\/sites\/3\/2026\/01\/ADN-CSE-BD.png","width":794,"height":566},{"@type":"BreadcrumbList","@id":"https:\/\/adncse.preprod-kalelia.fr\/?page_id=439#breadcrumb","itemListElement":[{"@type":"ListItem","position":1,"name":"Accueil","item":"https:\/\/adncse.preprod-kalelia.fr\/"},{"@type":"ListItem","position":2,"name":"La vision ADN CSE"}]},{"@type":"WebSite","@id":"https:\/\/adncse.preprod-kalelia.fr\/#website","url":"https:\/\/adncse.preprod-kalelia.fr\/","name":"ADN CSE","description":"","potentialAction":[{"@type":"SearchAction","target":{"@type":"EntryPoint","urlTemplate":"https:\/\/adncse.preprod-kalelia.fr\/?s={search_term_string}"},"query-input":{"@type":"PropertyValueSpecification","valueRequired":true,"valueName":"search_term_string"}}],"inLanguage":"fr-FR"}]}},"_links":{"self":[{"href":"https:\/\/adncse.preprod-kalelia.fr\/index.php?rest_route=\/wp\/v2\/pages\/439","targetHints":{"allow":["GET"]}}],"collection":[{"href":"https:\/\/adncse.preprod-kalelia.fr\/index.php?rest_route=\/wp\/v2\/pages"}],"about":[{"href":"https:\/\/adncse.preprod-kalelia.fr\/index.php?rest_route=\/wp\/v2\/types\/page"}],"author":[{"embeddable":true,"href":"https:\/\/adncse.preprod-kalelia.fr\/index.php?rest_route=\/wp\/v2\/users\/1"}],"replies":[{"embeddable":true,"href":"https:\/\/adncse.preprod-kalelia.fr\/index.php?rest_route=%2Fwp%2Fv2%2Fcomments&post=439"}],"version-history":[{"count":2,"href":"https:\/\/adncse.preprod-kalelia.fr\/index.php?rest_route=\/wp\/v2\/pages\/439\/revisions"}],"predecessor-version":[{"id":1874,"href":"https:\/\/adncse.preprod-kalelia.fr\/index.php?rest_route=\/wp\/v2\/pages\/439\/revisions\/1874"}],"wp:featuredmedia":[{"embeddable":true,"href":"https:\/\/adncse.preprod-kalelia.fr\/index.php?rest_route=\/wp\/v2\/media\/1880"}],"wp:attachment":[{"href":"https:\/\/adncse.preprod-kalelia.fr\/index.php?rest_route=%2Fwp%2Fv2%2Fmedia&parent=439"}],"curies":[{"name":"wp","href":"https:\/\/api.w.org\/{rel}","templated":true}]}}